{"id":13128,"date":"2020-11-20T07:05:47","date_gmt":"2020-11-20T08:05:47","guid":{"rendered":"https:\/\/www.oceanetwork.eu\/cloud\/"},"modified":"2020-11-20T07:05:47","modified_gmt":"2020-11-20T08:05:47","slug":"cloud","status":"publish","type":"page","link":"https:\/\/www.oceanetwork.eu\/pt-pt\/cloud\/","title":{"rendered":"Cloud"},"content":{"rendered":"<div id=\"cs-content\" class=\"cs-content\" >\n<div class=\"e13128-1 x-section\" >\n      \n<div class=\"e13128-2 x-container max width\" >\n    \n<div class=\"e13128-3 x-column x-sm x-1-1\" >\n    \n<div class=\"e13128-4 x-text x-text-headline\" >\n  <div class=\"x-text-content\"><div class=\"x-text-content-text\"><h2 class=\"x-text-content-text-primary\"><p>Servi\u00e7os na Nuvem<\/p><\/h2><\/div><\/div><\/div>\n\n<hr class=\"e13128-5 x-line\" >\n\n<div class=\"e13128-6 x-text\" >\n  <p>Na OceaNetwork, oferecemos servi\u00e7os premium em nuvem, com suporte 1 em 1, sem subsidiar Call Centers, cuidamos de seus servidores e aplicativos como se fossem nossos.<\/p><\/div>\n<\/div>\n<\/div>\n  <\/div>\n\n<div class=\"e13128-7 x-section\" >\n      \n<div class=\"e13128-8 x-container max width\" >\n    \n<div class=\"e13128-9 x-column x-sm x-1-3\" >\n    \n<span class=\"e13128-10 x-image\" >\n  <img alt=\"Image\" src=\"https:\/\/www.oceanetwork.eu\/wp-content\/uploads\/2019\/06\/net-site-management.png\" width=\"512\" height=\"512\" >\n<\/span>\n\n<hr class=\"e13128-11 x-line  x-hide-lg x-hide-md x-hide-xl\" >\n<\/div>\n\n<div class=\"e13128-12 x-column x-sm x-2-3\" >\n    \n<div class=\"e13128-13 x-text x-text-headline\" >\n  <div class=\"x-text-content\"><div class=\"x-text-content-text\"><h3 class=\"x-text-content-text-primary\">Net Server<\/h3><\/div><\/div><\/div>\n\n<div class=\"e13128-14 x-text\" >\n  <p>Seu servidor virtual VMware\u00ae ser\u00e1 hospedado em um ambiente de nuvem de n\u00edvel corporativo com 3 n\u00edveis de seguran\u00e7a: seguran\u00e7a f\u00edsica, separa\u00e7\u00e3o de rede e isolamento de servidor e armazenamento. Voc\u00ea ser\u00e1 o propriet\u00e1rio dos seus dados, n\u00e3o n\u00f3s.<\/p><\/div>\n\n<div class=\"e13128-15 x-text x-text-headline\" >\n  <div class=\"x-text-content\"><div class=\"x-text-content-text\"><h4 class=\"x-text-content-text-primary\"><p>Destaques<\/p><\/h4><\/div><\/div><\/div>\n\n<div class=\"e13128-16 x-text x-text-headline\" >\n  <div class=\"x-text-content\">\n<span class=\"x-graphic\" aria-hidden=\"true\" >\n\n  \n<i class=\"x-icon x-graphic-icon x-graphic-primary\" aria-hidden=\"true\" data-x-icon-s=\"&#xf058;\" ><\/i>\n\n<\/span>\n<div class=\"x-text-content-text\"><p class=\"x-text-content-text-primary\"><p>Suporte direto 24x7<\/p><\/p><\/div><\/div><\/div>\n\n<div class=\"e13128-17 x-text x-text-headline\" >\n  <div class=\"x-text-content\">\n<span class=\"x-graphic\" aria-hidden=\"true\" >\n\n  \n<i class=\"x-icon x-graphic-icon x-graphic-primary\" aria-hidden=\"true\" data-x-icon-s=\"&#xf058;\" ><\/i>\n\n<\/span>\n<div class=\"x-text-content-text\"><p class=\"x-text-content-text-primary\"><p>Discos r\u00edgidos SSD r\u00e1pido de n\u00edvel profissional<\/p><\/p><\/div><\/div><\/div>\n\n<div class=\"e13128-18 x-text x-text-headline\" >\n  <div class=\"x-text-content\">\n<span class=\"x-graphic\" aria-hidden=\"true\" >\n\n  \n<i class=\"x-icon x-graphic-icon x-graphic-primary\" aria-hidden=\"true\" data-x-icon-s=\"&#xf058;\" ><\/i>\n\n<\/span>\n<div class=\"x-text-content-text\"><p class=\"x-text-content-text-primary\"><p>Reten\u00e7\u00e3o de backup de at\u00e9 30 dias<\/p><\/p><\/div><\/div><\/div>\n\n<div class=\"e13128-19 x-text x-text-headline\" >\n  <div class=\"x-text-content\">\n<span class=\"x-graphic\" aria-hidden=\"true\" >\n\n  \n<i class=\"x-icon x-graphic-icon x-graphic-primary\" aria-hidden=\"true\" data-x-icon-s=\"&#xf058;\" ><\/i>\n\n<\/span>\n<div class=\"x-text-content-text\"><p class=\"x-text-content-text-primary\"><p>CPU e RAM dedicadas<\/p><\/p><\/div><\/div><\/div>\n<\/div>\n<\/div>\n\n<div class=\"e13128-20 x-row x-container max width\" >\n  <div class=\"x-row-inner\">\n    \n<div class=\"e13128-21 x-col\" >\n    \n<div class=\"e13128-22 x-text\" >\n  <p>O Net Server \u00e9 uma plataforma como servi\u00e7o que se adapta \u00e0s suas necessidades. Em um servidor virtual Linux ou Windows configurado com VMware vSphere, em uma parti\u00e7\u00e3o de Servidor F\u00edsico instalada em nosso data center, voc\u00ea pode utilizar seu aplicativo com seu navegador favorito, eliminando a necessidade de instala\u00e7\u00e3o em seu PC.<\/p>\r\n<p>Como Parceiros Vmware, usamos exclusivamente VMware como nosso Software de Virtualiza\u00e7\u00e3o. Garantimos redund\u00e2ncia e disponibilidade de 99,8%. Al\u00e9m disso, nossos servidores s\u00e3o salvos todos os dias com reten\u00e7\u00e3o de at\u00e9 30 dias.<\/p><\/div>\n<\/div>\n  <\/div>\n  <\/div>\n  <\/div>\n\n<div class=\"e13128-23 x-section\" >\n      \n<div class=\"e13128-24 x-container max width\" >\n    \n<div class=\"e13128-25 x-column x-sm x-1-1\" >\n    \n<div class=\"e13128-26 x-text x-text-headline\" >\n  <div class=\"x-text-content\"><div class=\"x-text-content-text\"><h2 class=\"x-text-content-text-primary\"><p>Exemplos de configura\u00e7\u00e3o:<\/p><\/h2><\/div><\/div><\/div>\n<\/div>\n<\/div>\n\n<div class=\"e13128-27 x-container max width plans\" >\n    \n<div class=\"e13128-28 x-column x-sm x-1-3\" >\n    \n<div class=\"e13128-29 x-text price x-text-headline\" >\n  <div class=\"x-text-content\"><div class=\"x-text-content-text\"><h3 class=\"x-text-content-text-primary\"><p>\u20ac40\/m\u00eas<\/p><\/h3><\/div><\/div><\/div>\n\n<div class=\"e13128-30 x-text x-text-headline\" >\n  <div class=\"x-text-content\">\n<span class=\"x-graphic\" aria-hidden=\"true\" >\n\n  \n<i class=\"x-icon x-graphic-icon x-graphic-primary\" aria-hidden=\"true\" data-x-icon-s=\"&#xf058;\" ><\/i>\n\n<\/span>\n<div class=\"x-text-content-text\"><p class=\"x-text-content-text-primary\">100 GB SSD<\/p><\/div><\/div><\/div>\n\n<div class=\"e13128-31 x-text x-text-headline\" >\n  <div class=\"x-text-content\">\n<span class=\"x-graphic\" aria-hidden=\"true\" >\n\n  \n<i class=\"x-icon x-graphic-icon x-graphic-primary\" aria-hidden=\"true\" data-x-icon-s=\"&#xf058;\" ><\/i>\n\n<\/span>\n<div class=\"x-text-content-text\"><p class=\"x-text-content-text-primary\">1 Core CPU<\/p><\/div><\/div><\/div>\n\n<div class=\"e13128-32 x-text x-text-headline\" >\n  <div class=\"x-text-content\">\n<span class=\"x-graphic\" aria-hidden=\"true\" >\n\n  \n<i class=\"x-icon x-graphic-icon x-graphic-primary\" aria-hidden=\"true\" data-x-icon-s=\"&#xf058;\" ><\/i>\n\n<\/span>\n<div class=\"x-text-content-text\"><p class=\"x-text-content-text-primary\">2 GB RAM<\/p><\/div><\/div><\/div>\n\n<div class=\"e13128-33 x-text x-text-headline\" >\n  <div class=\"x-text-content\">\n<span class=\"x-graphic\" aria-hidden=\"true\" >\n\n  \n<i class=\"x-icon x-graphic-icon x-graphic-primary\" aria-hidden=\"true\" data-x-icon-s=\"&#xf058;\" ><\/i>\n\n<\/span>\n<div class=\"x-text-content-text\"><p class=\"x-text-content-text-primary\"><p>1 endere\u00e7o IP<\/p><\/p><\/div><\/div><\/div>\n\n<a class=\"e13128-34 x-anchor x-anchor-button\" tabindex=\"0\" href=\"https:\/\/shop.oceanetwork.eu\/whmcs\/cart.php?gid=1&amp;language=english\" >\n\n  \n  <div class=\"x-anchor-content\">\n        <div class=\"x-anchor-text\"><span class=\"x-anchor-text-primary\" >Compre Agora<\/span><\/div>      <\/div>\n\n    \n  \n<\/a>\n<\/div>\n\n<div class=\"e13128-35 x-column x-sm x-1-3\" >\n    \n<div class=\"e13128-36 x-text price x-text-headline\" >\n  <div class=\"x-text-content\"><div class=\"x-text-content-text\"><h3 class=\"x-text-content-text-primary\"><p>\u20ac90\/m\u00eas<\/p><\/h3><\/div><\/div><\/div>\n\n<div class=\"e13128-37 x-text x-text-headline\" >\n  <div class=\"x-text-content\">\n<span class=\"x-graphic\" aria-hidden=\"true\" >\n\n  \n<i class=\"x-icon x-graphic-icon x-graphic-primary\" aria-hidden=\"true\" data-x-icon-s=\"&#xf058;\" ><\/i>\n\n<\/span>\n<div class=\"x-text-content-text\"><p class=\"x-text-content-text-primary\">200 GB SSD<\/p><\/div><\/div><\/div>\n\n<div class=\"e13128-38 x-text x-text-headline\" >\n  <div class=\"x-text-content\">\n<span class=\"x-graphic\" aria-hidden=\"true\" >\n\n  \n<i class=\"x-icon x-graphic-icon x-graphic-primary\" aria-hidden=\"true\" data-x-icon-s=\"&#xf058;\" ><\/i>\n\n<\/span>\n<div class=\"x-text-content-text\"><p class=\"x-text-content-text-primary\">2 Core CPU<\/p><\/div><\/div><\/div>\n\n<div class=\"e13128-39 x-text x-text-headline\" >\n  <div class=\"x-text-content\">\n<span class=\"x-graphic\" aria-hidden=\"true\" >\n\n  \n<i class=\"x-icon x-graphic-icon x-graphic-primary\" aria-hidden=\"true\" data-x-icon-s=\"&#xf058;\" ><\/i>\n\n<\/span>\n<div class=\"x-text-content-text\"><p class=\"x-text-content-text-primary\">4 GB RAM<\/p><\/div><\/div><\/div>\n\n<div class=\"e13128-40 x-text x-text-headline\" >\n  <div class=\"x-text-content\">\n<span class=\"x-graphic\" aria-hidden=\"true\" >\n\n  \n<i class=\"x-icon x-graphic-icon x-graphic-primary\" aria-hidden=\"true\" data-x-icon-s=\"&#xf058;\" ><\/i>\n\n<\/span>\n<div class=\"x-text-content-text\"><p class=\"x-text-content-text-primary\"><p>1 endere\u00e7o IP<\/p><\/p><\/div><\/div><\/div>\n\n<a class=\"e13128-41 x-anchor x-anchor-button\" tabindex=\"0\" href=\"https:\/\/shop.oceanetwork.eu\/whmcs\/cart.php?gid=1&amp;language=english\" >\n\n  \n  <div class=\"x-anchor-content\">\n        <div class=\"x-anchor-text\"><span class=\"x-anchor-text-primary\" >Compre Agora<\/span><\/div>      <\/div>\n\n    \n  \n<\/a>\n<\/div>\n\n<div class=\"e13128-42 x-column x-sm x-1-3\" >\n    \n<div class=\"e13128-43 x-text price x-text-headline\" >\n  <div class=\"x-text-content\"><div class=\"x-text-content-text\"><h3 class=\"x-text-content-text-primary\"><p>\u20ac210\/m\u00eas<\/p><\/h3><\/div><\/div><\/div>\n\n<div class=\"e13128-44 x-text x-text-headline\" >\n  <div class=\"x-text-content\">\n<span class=\"x-graphic\" aria-hidden=\"true\" >\n\n  \n<i class=\"x-icon x-graphic-icon x-graphic-primary\" aria-hidden=\"true\" data-x-icon-s=\"&#xf058;\" ><\/i>\n\n<\/span>\n<div class=\"x-text-content-text\"><p class=\"x-text-content-text-primary\">500 GB SSD<\/p><\/div><\/div><\/div>\n\n<div class=\"e13128-45 x-text x-text-headline\" >\n  <div class=\"x-text-content\">\n<span class=\"x-graphic\" aria-hidden=\"true\" >\n\n  \n<i class=\"x-icon x-graphic-icon x-graphic-primary\" aria-hidden=\"true\" data-x-icon-s=\"&#xf058;\" ><\/i>\n\n<\/span>\n<div class=\"x-text-content-text\"><p class=\"x-text-content-text-primary\">4 Core CPU<\/p><\/div><\/div><\/div>\n\n<div class=\"e13128-46 x-text x-text-headline\" >\n  <div class=\"x-text-content\">\n<span class=\"x-graphic\" aria-hidden=\"true\" >\n\n  \n<i class=\"x-icon x-graphic-icon x-graphic-primary\" aria-hidden=\"true\" data-x-icon-s=\"&#xf058;\" ><\/i>\n\n<\/span>\n<div class=\"x-text-content-text\"><p class=\"x-text-content-text-primary\">8 GB RAM<\/p><\/div><\/div><\/div>\n\n<div class=\"e13128-47 x-text x-text-headline\" >\n  <div class=\"x-text-content\">\n<span class=\"x-graphic\" aria-hidden=\"true\" >\n\n  \n<i class=\"x-icon x-graphic-icon x-graphic-primary\" aria-hidden=\"true\" data-x-icon-s=\"&#xf058;\" ><\/i>\n\n<\/span>\n<div class=\"x-text-content-text\"><p class=\"x-text-content-text-primary\"><p>1 endere\u00e7o IP<\/p><\/p><\/div><\/div><\/div>\n\n<a class=\"e13128-48 x-anchor x-anchor-button\" tabindex=\"0\" href=\"https:\/\/shop.oceanetwork.eu\/whmcs\/cart.php?gid=1&amp;language=english\" >\n\n  \n  <div class=\"x-anchor-content\">\n        <div class=\"x-anchor-text\"><span class=\"x-anchor-text-primary\" >Compre Agora<\/span><\/div>      <\/div>\n\n    \n  \n<\/a>\n<\/div>\n<\/div>\n  <\/div>\n\n<div class=\"e13128-49 x-section\" >\n      \n<div class=\"e13128-50 x-row x-container max width\" >\n  <div class=\"x-row-inner\">\n    \n<div class=\"e13128-51 x-col\" >\n    \n<div class=\"e13128-52 x-text x-text-headline\" >\n  <div class=\"x-text-content\"><div class=\"x-text-content-text\"><h3 class=\"x-text-content-text-primary\">Net Mail<\/h3><\/div><\/div><\/div>\n\n<div class=\"e13128-53 x-text x-text-headline\" >\n  <div class=\"x-text-content\"><div class=\"x-text-content-text\"><h3 class=\"x-text-content-text-primary\"><p>E-mail na era da computa\u00e7\u00e3o em nuvem<\/p><\/h3><\/div><\/div><\/div>\n\n<div class=\"e13128-54 x-text\" >\n  <p>O Net Mail usa o Kerio Connect para gerenciar e-mails, calend\u00e1rios e contatos em um ambiente de nuvem privada; funciona com Windows Outlook, Apple Mail, iCal, Webmail e iOs e smartphones Android. Sincroniza\u00e7\u00e3o m\u00f3vel sem fio. Emails seguros de n\u00edvel empresarial. Arquivamento poderoso. Backups automatizados.<\/p><\/div>\n<\/div>\n\n<div class=\"e13128-55 x-col\" >\n    \n<span class=\"e13128-56 x-image\" >\n  <img alt=\"Image\" src=\"https:\/\/www.oceanetwork.eu\/wp-content\/uploads\/2017\/04\/Net-Mail.png\" width=\"256\" height=\"256\" >\n<\/span>\n<\/div>\n  <\/div>\n  <\/div>\n\n<div class=\"e13128-57 x-row x-container max width\" >\n  <div class=\"x-row-inner\">\n    \n<div class=\"e13128-58 x-col\" >\n    \n<div class=\"e13128-59 x-text x-text-headline\" >\n  <div class=\"x-text-content\"><div class=\"x-text-content-text\"><h3 class=\"x-text-content-text-primary\"><p>Simplicidade incompar\u00e1vel.<\/p><\/h3><\/div><\/div><\/div>\n\n<div class=\"e13128-60 x-text\" >\n  <p>\u2022 Permite que o usu\u00e1rio compartilhe e-mails, contatos, calend\u00e1rios e pastas p\u00fablicas no Windows e MacOS facilmente.<\/p>\r\n<p>\u2022 Cliente Web integrado, funciona com Edge, IE, Firefox, Safari e Google Chrome<\/p>\r\n<p>\u2022 Suporta todos os clientes de e-mail usando IMAP \/ CalDAV \/ CardDAV.<\/p>\r\n<p>\u2022 Permite configurar clientes facilmente usando scripts e sincronizar seus dados em tempo real em cada dispositivo via \u201cDirect Push\u201d.<\/p><\/div>\n<\/div>\n\n<div class=\"e13128-61 x-col\" >\n    \n<div class=\"e13128-62 x-text x-text-headline\" >\n  <div class=\"x-text-content\"><div class=\"x-text-content-text\"><h3 class=\"x-text-content-text-primary\"><p>Seguro e protegido.<\/p><\/h3><\/div><\/div><\/div>\n\n<div class=\"e13128-63 x-text\" >\n  <p>Criptografia SSL e S \/ MIME.<br \/>Filtros anti-spam sofisticados.<br \/>Bloqueia automaticamente os endere\u00e7os IP de hackers e bots.<br \/>Pro\u00edbe que IPs suspeitos entreguem documentos anexos perigosos.<br \/>Utiliza tecnologias avan\u00e7adas para evitar abusos e intrus\u00f5es.<\/p><\/div>\n<\/div>\n\n<div class=\"e13128-64 x-col\" >\n    \n<div class=\"e13128-65 x-text x-text-headline\" >\n  <div class=\"x-text-content\"><div class=\"x-text-content-text\"><h3 class=\"x-text-content-text-primary\"><p>Flex\u00edvel e confi\u00e1vel.<\/p><\/h3><\/div><\/div><\/div>\n\n<div class=\"e13128-66 x-text\" >\n  <p>Os usu\u00e1rios empresariais n\u00e3o se importam com os servidores de e-mail. Eles simplesmente se preocupam para que seu e-mail funcione, seja seguro e ofere\u00e7a a flexibilidade que os usu\u00e1rios desejam e esperam. Ao usar o Net Mail Client para Mac, Windows ou um navegador da web, voc\u00ea pode ver a presen\u00e7a de colegas, conversar em tempo real, organizar reuni\u00f5es e compor com seguran\u00e7a e-mails ricamente formatados.<\/p><\/div>\n<\/div>\n\n<div class=\"e13128-67 x-col\" >\n    \n<div class=\"e13128-68 x-text x-text-headline\" >\n  <div class=\"x-text-content\"><div class=\"x-text-content-text\"><h2 class=\"x-text-content-text-primary\"><p>Apenas \u20ac4 \/m\u00eas por usu\u00e1rio!<\/p><\/h2><\/div><\/div><\/div>\n\n<div class=\"e13128-69 x-alert fade in\" >\n  <button type=\"button\" class=\"close\" data-dismiss=\"alert\">&times;<\/button>  <div class=\"x-alert-content\"><p>Instala\u00e7\u00e3o inclu\u00edda!<\/p><\/div>\n<\/div>\n\n<a class=\"e13128-70 x-anchor x-anchor-button\" tabindex=\"0\" href=\"https:\/\/shop.oceanetwork.eu\/whmcs\/cart.php?gid=1&amp;language=english\" >\n\n  \n  <div class=\"x-anchor-content\">\n        <div class=\"x-anchor-text\"><span class=\"x-anchor-text-primary\" >Compre Agora<\/span><\/div>      <\/div>\n\n    \n<span class=\"x-particle x-anchor-particle-primary\" data-x-particle=\"scale-x inside-c_c\" aria-hidden=\"true\" >\n  <span><\/span>\n<\/span>\n\n  \n<\/a>\n<\/div>\n  <\/div>\n  <\/div>\n  <\/div>\n\n<div class=\"e13128-71 x-section\" >\n      \n<div class=\"e13128-72 x-container max width\" >\n    \n<div class=\"e13128-73 x-column x-sm x-2-3\" >\n    \n<div class=\"e13128-74 x-text x-text-headline\" >\n  <div class=\"x-text-content\"><div class=\"x-text-content-text\"><h3 class=\"x-text-content-text-primary\">Net Voice<\/h3><\/div><\/div><\/div>\n\n<div class=\"e13128-75 x-text x-text-headline\" >\n  <div class=\"x-text-content\"><div class=\"x-text-content-text\"><h4 class=\"x-text-content-text-primary\"><p>Telefonia IP nunca foi t\u00e3o f\u00e1cil!<\/p><\/h4><\/div><\/div><\/div>\n\n<div class=\"e13128-76 x-text\" >\n  <p>Net Voice \u00e9 um servidor Voip de n\u00edvel empresarial que usa Kerio Operator para substituir o Pabx anal\u00f3gico tradicional. Feito especificamente para pequenas e m\u00e9dias empresas, permite grande economia de tempo e dinheiro, entregando grandes recursos e desempenhos excepcionais.<\/p><\/div>\n\n<div class=\"e13128-77 x-text x-text-headline\" >\n  <div class=\"x-text-content\"><div class=\"x-text-content-text\"><h4 class=\"x-text-content-text-primary\"><p>Destaques<\/p><\/h4><\/div><\/div><\/div>\n\n<div class=\"e13128-78 x-text x-text-headline\" >\n  <div class=\"x-text-content\">\n<span class=\"x-graphic\" aria-hidden=\"true\" >\n\n  \n<i class=\"x-icon x-graphic-icon x-graphic-primary\" aria-hidden=\"true\" data-x-icon-s=\"&#xf058;\" ><\/i>\n\n<\/span>\n<div class=\"x-text-content-text\"><p class=\"x-text-content-text-primary\"><p>Liga\u00e7ao de V\u00eddeo<\/p><\/p><\/div><\/div><\/div>\n\n<div class=\"e13128-79 x-text x-text-headline\" >\n  <div class=\"x-text-content\">\n<span class=\"x-graphic\" aria-hidden=\"true\" >\n\n  \n<i class=\"x-icon x-graphic-icon x-graphic-primary\" aria-hidden=\"true\" data-x-icon-s=\"&#xf058;\" ><\/i>\n\n<\/span>\n<div class=\"x-text-content-text\"><p class=\"x-text-content-text-primary\"><p>Liga\u00e7ao de Confer\u00eancia<\/p><\/p><\/div><\/div><\/div>\n\n<div class=\"e13128-80 x-text x-text-headline\" >\n  <div class=\"x-text-content\">\n<span class=\"x-graphic\" aria-hidden=\"true\" >\n\n  \n<i class=\"x-icon x-graphic-icon x-graphic-primary\" aria-hidden=\"true\" data-x-icon-s=\"&#xf058;\" ><\/i>\n\n<\/span>\n<div class=\"x-text-content-text\"><p class=\"x-text-content-text-primary\"><p>Auto atendimento<\/p><\/p><\/div><\/div><\/div>\n\n<hr class=\"e13128-81 x-line  x-hide-lg x-hide-md x-hide-xl\" >\n<\/div>\n\n<div class=\"e13128-82 x-column x-sm x-1-3\" >\n    \n<span class=\"e13128-83 x-image\" >\n  <img alt=\"Image\" src=\"https:\/\/www.oceanetwork.eu\/wp-content\/uploads\/2015\/06\/netvoice.png\" width=\"256\" height=\"256\" >\n<\/span>\n<\/div>\n<\/div>\n  <\/div>\n\n<div class=\"e13128-84 x-section\" >\n      \n<div class=\"e13128-85 x-container marginless-columns\" >\n    \n<div class=\"e13128-86 x-column x-sm x-1-3\" >\n    \n<div class=\"e13128-87 x-text x-text-headline\" >\n  <div class=\"x-text-content\"><div class=\"x-text-content-text\"><h3 class=\"x-text-content-text-primary\"><p>O n\u00famero do seu escrit\u00f3rio em suas m\u00e3os.<\/p><\/h3><\/div><\/div><\/div>\n\n<div class=\"e13128-88 x-text\" >\n  <p>Transforme seu celular baseado em iOS ou Android em um telefone de escrit\u00f3rio virtual com o aplicativo Kerio Operator Softphone. O aplicativo usa dados em vez de minutos de celular, para que voc\u00ea possa fazer chamadas de qualquer lugar do mundo. Como o aplicativo usa seu n\u00famero de telefone comercial e a qualidade de voz \u00e9 cristalina, \u00e9 realmente como ter o telefone do escrit\u00f3rio com voc\u00ea o tempo todo.<\/p><\/div>\n<\/div>\n\n<div class=\"e13128-89 x-column x-sm x-1-3\" >\n    \n<div class=\"e13128-90 x-text x-text-headline\" >\n  <div class=\"x-text-content\"><div class=\"x-text-content-text\"><h3 class=\"x-text-content-text-primary\"><p>Super f\u00e1cil de gerenciar.<\/p><\/h3><\/div><\/div><\/div>\n\n<div class=\"e13128-91 x-text\" >\n  <p>Implante, configure e administre o Net Voice em um piscar de olhos por meio de uma interface de administra\u00e7\u00e3o web f\u00e1cil de usar. Quando se trata de facilidade de configura\u00e7\u00e3o, provisionamento autom\u00e1tico de telefone e administra\u00e7\u00e3o remota amig\u00e1vel ao tablet, o Net Voice \u00e9 incompar\u00e1vel.<\/p><\/div>\n<\/div>\n\n<div class=\"e13128-92 x-column x-sm x-1-3\" >\n    \n<div class=\"e13128-93 x-text x-text-headline\" >\n  <div class=\"x-text-content\"><div class=\"x-text-content-text\"><h3 class=\"x-text-content-text-primary\"><p>Grande economia de custos.<\/p><\/h3><\/div><\/div><\/div>\n\n<div class=\"e13128-94 x-text\" >\n  <p>O Net Voice faz sentido financeiro. Afaste-se do seu servi\u00e7o telef\u00f4nico tradicional, PBX caro e t\u00e9cnico telef\u00f4nico especializado ... e adote o Net Voice! Seu sistema telef\u00f4nico n\u00e3o exigir\u00e1 mais habilidades especializadas em telefonia. Com a lend\u00e1ria facilidade de uso e configura\u00e7\u00e3o instant\u00e2nea do Kerio, a sobrecarga de gerenciamento cai drasticamente enquanto seus usu\u00e1rios desfrutam de novos recursos poderosos.<\/p><\/div>\n<\/div>\n<\/div>\n  <\/div>\n\n<div class=\"e13128-95 x-section\" >\n      \n<div class=\"e13128-96 x-container marginless-columns\" >\n    \n<div class=\"e13128-97 x-column x-sm x-1-1\" >\n    \n<div class=\"e13128-98 x-text x-text-headline\" >\n  <div class=\"x-text-content\"><div class=\"x-text-content-text\"><h2 class=\"x-text-content-text-primary\"><p>Apenas \u20ac4 \/m\u00eas por usu\u00e1rio!<\/p><\/h2><\/div><\/div><\/div>\n\n<div class=\"e13128-99 x-alert fade in\" >\n  <button type=\"button\" class=\"close\" data-dismiss=\"alert\">&times;<\/button>  <div class=\"x-alert-content\"><p>Comece a economizar dinheiro agora!<\/p><\/div>\n<\/div>\n\n<a class=\"e13128-100 x-anchor x-anchor-button\" tabindex=\"0\" href=\"https:\/\/shop.oceanetwork.eu\/whmcs\/cart.php?gid=1&amp;language=english\" >\n\n  \n  <div class=\"x-anchor-content\">\n        <div class=\"x-anchor-text\"><span class=\"x-anchor-text-primary\" >Compre Agora<\/span><\/div>      <\/div>\n\n    \n<span class=\"x-particle x-anchor-particle-primary\" data-x-particle=\"scale-x inside-c_c\" aria-hidden=\"true\" >\n  <span><\/span>\n<\/span>\n\n  \n<\/a>\n<\/div>\n<\/div>\n  <\/div>\n<\/div>\n","protected":false},"excerpt":{"rendered":"<p>Cloud Services At OceaNetwork, we offer premium cloud services, with 1 on 1 support, without subsidizing to Call Centers, we take care of your servers and apps as if they were ours.&nbsp; Net Server Your VMware\u00ae virtual server will be hosted in an enterprise-grade cloud environment that has 3 levels of security: physical security, network separation, and server &amp; storage &#8230; <\/p>\n<div><a href=\"https:\/\/www.oceanetwork.eu\/pt-pt\/cloud\/\" class=\"more-link\">Read More<\/a><\/div>\n","protected":false},"author":1,"featured_media":0,"parent":0,"menu_order":0,"comment_status":"closed","ping_status":"closed","template":"","meta":[],"yoast_head":"<!-- This site is optimized with the Yoast SEO plugin v15.2.1 - https:\/\/yoast.com\/wordpress\/plugins\/seo\/ -->\n<title>Cloud - OceaNetwork<\/title>\n<meta name=\"description\" content=\"Na OceaNetwork, oferecemos servi\u00e7os premium em nuvem, com suporte 1 em 1, sem subsidiar Call Centers, cuidamos de seus servidores e aplicativos como se fossem nossos.\" \/>\n<meta name=\"robots\" content=\"index, follow, max-snippet:-1, max-image-preview:large, max-video-preview:-1\" \/>\n<link rel=\"canonical\" href=\"https:\/\/www.oceanetwork.eu\/pt-pt\/cloud\/\" \/>\n<meta property=\"og:locale\" content=\"pt_PT\" \/>\n<meta property=\"og:type\" content=\"article\" \/>\n<meta property=\"og:title\" content=\"Cloud - OceaNetwork\" \/>\n<meta property=\"og:description\" content=\"Na OceaNetwork, oferecemos servi\u00e7os premium em nuvem, com suporte 1 em 1, sem subsidiar Call Centers, cuidamos de seus servidores e aplicativos como se fossem nossos.\" \/>\n<meta property=\"og:url\" content=\"https:\/\/www.oceanetwork.eu\/pt-pt\/cloud\/\" \/>\n<meta property=\"og:site_name\" content=\"OceaNetwork\" \/>\n<meta property=\"article:publisher\" content=\"https:\/\/www.facebook.com\/pages\/Net-at-Work\/215374575314073\" \/>\n<meta property=\"og:image\" content=\"https:\/\/www.oceanetwork.eu\/wp-content\/uploads\/2019\/06\/net-site-management.png\" \/>\n<meta name=\"twitter:card\" content=\"summary\" \/>\n<meta name=\"twitter:creator\" content=\"@NetAtWorkEu\" \/>\n<meta name=\"twitter:site\" content=\"@NetAtWorkEu\" \/>\n<meta name=\"twitter:label1\" content=\"Written by\">\n\t<meta name=\"twitter:data1\" content=\"Sigfrido Maina\">\n\t<meta name=\"twitter:label2\" content=\"Est. reading time\">\n\t<meta name=\"twitter:data2\" content=\"5 minutos\">\n<script type=\"application\/ld+json\" class=\"yoast-schema-graph\">{\"@context\":\"https:\/\/schema.org\",\"@graph\":[{\"@type\":\"WebSite\",\"@id\":\"https:\/\/www.oceanetwork.eu\/pt-pt\/#website\",\"url\":\"https:\/\/www.oceanetwork.eu\/pt-pt\/\",\"name\":\"OceaNetwork\",\"description\":\"Waves of Innovation\",\"potentialAction\":[{\"@type\":\"SearchAction\",\"target\":\"https:\/\/www.oceanetwork.eu\/pt-pt\/?s={search_term_string}\",\"query-input\":\"required name=search_term_string\"}],\"inLanguage\":\"pt-PT\"},{\"@type\":\"ImageObject\",\"@id\":\"https:\/\/www.oceanetwork.eu\/pt-pt\/cloud\/#primaryimage\",\"inLanguage\":\"pt-PT\",\"url\":\"https:\/\/www.oceanetwork.eu\/wp-content\/uploads\/2019\/06\/net-site-management.png\",\"width\":1024,\"height\":1024},{\"@type\":\"WebPage\",\"@id\":\"https:\/\/www.oceanetwork.eu\/pt-pt\/cloud\/#webpage\",\"url\":\"https:\/\/www.oceanetwork.eu\/pt-pt\/cloud\/\",\"name\":\"Cloud - OceaNetwork\",\"isPartOf\":{\"@id\":\"https:\/\/www.oceanetwork.eu\/pt-pt\/#website\"},\"primaryImageOfPage\":{\"@id\":\"https:\/\/www.oceanetwork.eu\/pt-pt\/cloud\/#primaryimage\"},\"datePublished\":\"2020-11-20T08:05:47+00:00\",\"dateModified\":\"2020-11-20T08:05:47+00:00\",\"description\":\"Na OceaNetwork, oferecemos servi\\u00e7os premium em nuvem, com suporte 1 em 1, sem subsidiar Call Centers, cuidamos de seus servidores e aplicativos como se fossem nossos.\",\"inLanguage\":\"pt-PT\",\"potentialAction\":[{\"@type\":\"ReadAction\",\"target\":[\"https:\/\/www.oceanetwork.eu\/pt-pt\/cloud\/\"]}]}]}<\/script>\n<!-- \/ Yoast SEO plugin. -->","_links":{"self":[{"href":"https:\/\/www.oceanetwork.eu\/pt-pt\/wp-json\/wp\/v2\/pages\/13128"}],"collection":[{"href":"https:\/\/www.oceanetwork.eu\/pt-pt\/wp-json\/wp\/v2\/pages"}],"about":[{"href":"https:\/\/www.oceanetwork.eu\/pt-pt\/wp-json\/wp\/v2\/types\/page"}],"author":[{"embeddable":true,"href":"https:\/\/www.oceanetwork.eu\/pt-pt\/wp-json\/wp\/v2\/users\/1"}],"replies":[{"embeddable":true,"href":"https:\/\/www.oceanetwork.eu\/pt-pt\/wp-json\/wp\/v2\/comments?post=13128"}],"version-history":[{"count":1,"href":"https:\/\/www.oceanetwork.eu\/pt-pt\/wp-json\/wp\/v2\/pages\/13128\/revisions"}],"predecessor-version":[{"id":13129,"href":"https:\/\/www.oceanetwork.eu\/pt-pt\/wp-json\/wp\/v2\/pages\/13128\/revisions\/13129"}],"wp:attachment":[{"href":"https:\/\/www.oceanetwork.eu\/pt-pt\/wp-json\/wp\/v2\/media?parent=13128"}],"curies":[{"name":"wp","href":"https:\/\/api.w.org\/{rel}","templated":true}]}}