{"id":12455,"date":"2019-06-10T14:42:02","date_gmt":"2019-06-10T12:42:02","guid":{"rendered":"https:\/\/www.oceanetwork.eu\/home\/"},"modified":"2019-06-10T12:52:04","modified_gmt":"2019-06-10T12:52:04","slug":"home","status":"publish","type":"page","link":"https:\/\/www.oceanetwork.eu\/pt-pt\/","title":{"rendered":"Home"},"content":{"rendered":"","protected":false},"excerpt":{"rendered":"","protected":false},"author":1,"featured_media":0,"parent":0,"menu_order":0,"comment_status":"open","ping_status":"open","template":"template-blank-5.php","meta":[],"yoast_head":"<!-- This site is optimized with the Yoast SEO plugin v15.2.1 - https:\/\/yoast.com\/wordpress\/plugins\/seo\/ -->\n<title>OceaNETwork - Servi\u00e7os na Nuvem - Desenvolvimento Web e Marketing Social<\/title>\n<meta name=\"description\" content=\"Oferecemos servi\u00e7os na nuvem inovadores e consultoria de TI profissional. Descubra como nossos servi\u00e7os podem melhorar seus neg\u00f3cios.\" \/>\n<meta name=\"robots\" content=\"index, follow, max-snippet:-1, max-image-preview:large, max-video-preview:-1\" \/>\n<link rel=\"canonical\" href=\"https:\/\/www.oceanetwork.eu\/pt-pt\/\" \/>\n<meta property=\"og:locale\" content=\"pt_PT\" \/>\n<meta property=\"og:type\" content=\"article\" \/>\n<meta property=\"og:title\" content=\"OceaNETwork - Servi\u00e7os na Nuvem - Desenvolvimento Web e Marketing Social\" \/>\n<meta property=\"og:description\" content=\"Oferecemos servi\u00e7os na nuvem inovadores e consultoria de TI profissional. Descubra como nossos servi\u00e7os podem melhorar seus neg\u00f3cios.\" \/>\n<meta property=\"og:url\" content=\"https:\/\/www.oceanetwork.eu\/pt-pt\/\" \/>\n<meta property=\"og:site_name\" content=\"OceaNetwork\" \/>\n<meta property=\"article:publisher\" content=\"https:\/\/www.facebook.com\/pages\/Net-at-Work\/215374575314073\" \/>\n<meta property=\"article:modified_time\" content=\"2019-06-10T12:52:04+00:00\" \/>\n<meta name=\"twitter:card\" content=\"summary\" \/>\n<meta name=\"twitter:creator\" content=\"@NetAtWorkEu\" \/>\n<meta name=\"twitter:site\" content=\"@NetAtWorkEu\" \/>\n<meta name=\"twitter:label1\" content=\"Written by\">\n\t<meta name=\"twitter:data1\" content=\"Sigfrido Maina\">\n<script type=\"application\/ld+json\" class=\"yoast-schema-graph\">{\"@context\":\"https:\/\/schema.org\",\"@graph\":[{\"@type\":\"WebSite\",\"@id\":\"https:\/\/www.oceanetwork.eu\/pt-pt\/#website\",\"url\":\"https:\/\/www.oceanetwork.eu\/pt-pt\/\",\"name\":\"OceaNetwork\",\"description\":\"Waves of Innovation\",\"potentialAction\":[{\"@type\":\"SearchAction\",\"target\":\"https:\/\/www.oceanetwork.eu\/pt-pt\/?s={search_term_string}\",\"query-input\":\"required name=search_term_string\"}],\"inLanguage\":\"pt-PT\"},{\"@type\":\"WebPage\",\"@id\":\"https:\/\/www.oceanetwork.eu\/pt-pt\/#webpage\",\"url\":\"https:\/\/www.oceanetwork.eu\/pt-pt\/\",\"name\":\"OceaNETwork - Servi\\u00e7os na Nuvem - Desenvolvimento Web e Marketing Social\",\"isPartOf\":{\"@id\":\"https:\/\/www.oceanetwork.eu\/pt-pt\/#website\"},\"datePublished\":\"2019-06-10T12:42:02+00:00\",\"dateModified\":\"2019-06-10T12:52:04+00:00\",\"description\":\"Oferecemos servi\\u00e7os na nuvem inovadores e consultoria de TI profissional. Descubra como nossos servi\\u00e7os podem melhorar seus neg\\u00f3cios.\",\"inLanguage\":\"pt-PT\",\"potentialAction\":[{\"@type\":\"ReadAction\",\"target\":[\"https:\/\/www.oceanetwork.eu\/pt-pt\/\"]}]}]}<\/script>\n<!-- \/ Yoast SEO plugin. -->","_links":{"self":[{"href":"https:\/\/www.oceanetwork.eu\/pt-pt\/wp-json\/wp\/v2\/pages\/12455"}],"collection":[{"href":"https:\/\/www.oceanetwork.eu\/pt-pt\/wp-json\/wp\/v2\/pages"}],"about":[{"href":"https:\/\/www.oceanetwork.eu\/pt-pt\/wp-json\/wp\/v2\/types\/page"}],"author":[{"embeddable":true,"href":"https:\/\/www.oceanetwork.eu\/pt-pt\/wp-json\/wp\/v2\/users\/1"}],"replies":[{"embeddable":true,"href":"https:\/\/www.oceanetwork.eu\/pt-pt\/wp-json\/wp\/v2\/comments?post=12455"}],"version-history":[{"count":1,"href":"https:\/\/www.oceanetwork.eu\/pt-pt\/wp-json\/wp\/v2\/pages\/12455\/revisions"}],"predecessor-version":[{"id":12480,"href":"https:\/\/www.oceanetwork.eu\/pt-pt\/wp-json\/wp\/v2\/pages\/12455\/revisions\/12480"}],"wp:attachment":[{"href":"https:\/\/www.oceanetwork.eu\/pt-pt\/wp-json\/wp\/v2\/media?parent=12455"}],"curies":[{"name":"wp","href":"https:\/\/api.w.org\/{rel}","templated":true}]}}