{"id":12097,"date":"2018-05-26T12:57:10","date_gmt":"2018-05-26T10:57:10","guid":{"rendered":"https:\/\/www.netatwork.it\/?page_id=12097\/"},"modified":"2018-05-27T09:23:33","modified_gmt":"2018-05-27T07:23:33","slug":"privacy-policy","status":"publish","type":"page","link":"https:\/\/www.oceanetwork.eu\/it\/privacy-policy\/","title":{"rendered":"Privacy Policy"},"content":{"rendered":"<p><a href=\"https:\/\/www.oceanetwork.eu\/wp-content\/uploads\/2018\/05\/gdpr.jpg\"><img loading=\"lazy\" class=\"alignleft wp-image-12123\" src=\"https:\/\/www.oceanetwork.eu\/wp-content\/uploads\/2018\/05\/gdpr-300x176.jpg\" alt=\"gdpr privacy\" width=\"450\" height=\"264\" srcset=\"https:\/\/www.oceanetwork.eu\/wp-content\/uploads\/2018\/05\/gdpr-300x176.jpg 300w, https:\/\/www.oceanetwork.eu\/wp-content\/uploads\/2018\/05\/gdpr-768x450.jpg 768w, https:\/\/www.oceanetwork.eu\/wp-content\/uploads\/2018\/05\/gdpr-100x59.jpg 100w, https:\/\/www.oceanetwork.eu\/wp-content\/uploads\/2018\/05\/gdpr.jpg 904w\" sizes=\"(max-width: 450px) 100vw, 450px\" \/><\/a><\/p>\n<p><strong>Net at Work<\/strong> si impegna a salvaguardare la tua privacy. Contattateci se avete domande o problemi riguardanti l\u2019uso dei vostri dati personali e saremo lieti di aiutarvi.<\/p>\n<p class=\"p1\"><span class=\"s1\">Utilizzando questo sito e\/o i nostri servizi, acconsenti all\u2019elaborazione dei tuoi dati personali come descritto nella presente Informativa sulla privacy.\u00a0<\/span><\/p>\n<hr \/>\n<p><\/br><br \/>\n<\/br><br \/>\n<\/br><br \/>\n&nbsp;<\/p>\n<p class=\"p1\"><span class=\"s1\"><b>Sommario<\/b><\/span><\/p>\n<ol>\n<li>Definizioni utilizzate in questa policy<\/li>\n<li>I Principi sulla protezione dei dati che ci guidano<\/li>\n<li>Quali diritti avete per quanto riguarda i vostri dati personali<\/li>\n<li>Quali dati personali raccogliamo su di te<\/li>\n<li>Come utilizziamo i tuoi dati personali<\/li>\n<li>Chi altro ha accesso ai tuoi dati personali<\/li>\n<li>Come proteggiamo i tuoi dati<\/li>\n<li>Informazioni sui cookies<\/li>\n<li>Contatti<\/li>\n<\/ol>\n<h3 id=\"gdpr-definitions\">Definizioni<\/h3>\n<p class=\"p2\"><span class=\"s1\"><b>Dati personali<\/b>: qualsiasi informazione relativa a una persona fisica identificata o identificabile.<br \/>\n<b>Elaborazione: <\/b>qualsiasi operazione o insieme di operazioni eseguite su Dati personali o su serie di Dati personali.<br \/>\n<b>Interessato:<\/b>\u00a0una persona fisica i cui dati personali sono stati elaborati.<b><br \/>\nBambino:<\/b>\u00a0una persona fisica sotto i 16 anni di et\u00e0.<b><br \/>\nNoi: <\/b>Questo sito<\/span><\/p>\n<h3 id=\"gdpr-principles\">Principi sulla protezione dei dati<\/h3>\n<p class=\"p2\"><span class=\"s1\">Ci impegniamo a seguire i seguenti principi di protezione dei dati:<\/span><\/p>\n<ul class=\"ul1\">\n<li class=\"li5\"><span class=\"s1\">L\u2019elaborazione \u00e8 lecita, equa, trasparente. Le nostre attivit\u00e0 di trattamento hanno motivi legittimi.<\/span><\/li>\n<li class=\"li5\"><span class=\"s1\">Consideriamo sempre i tuoi diritti prima di elaborare i dati personali. Vi forniremo informazioni riguardanti l\u2019elaborazione su richiesta.<\/span><\/li>\n<li class=\"li5\"><span class=\"s1\">L\u2019elaborazione \u00e8 limitata allo scopo. Le nostre attivit\u00e0 di elaborazione corrispondono allo scopo per cui sono stati raccolti i dati personali.<\/span><\/li>\n<li class=\"li5\"><span class=\"s1\">L\u2019elaborazione viene eseguita con dati minimi. Raccogliamo e processiamo solo la quantit\u00e0 minima di Dati personali richiesti per qualsiasi scopo.<\/span><\/li>\n<li class=\"li5\"><span class=\"s1\">L\u2019elaborazione \u00e8 limitata con un periodo di tempo. Non archivieremo i tuoi dati personali per un tempo pi\u00f9 lungo del necessario.<\/span><\/li>\n<li class=\"li5\"><span class=\"s1\">Faremo del nostro meglio per garantire l\u2019accuratezza dei dati.<\/span><\/li>\n<li class=\"li5\"><span class=\"s1\">Faremo del nostro meglio per garantire l\u2019integrit\u00e0 e la riservatezza dei dati.<\/span><\/li>\n<\/ul>\n<h3 id=\"gdpr-rights\">Diritti dell&#8217;interessato<\/h3>\n<p class=\"p2\"><span class=\"s1\">L\u2019interessato ha i seguenti diritti:<\/span><\/p>\n<ol class=\"ol1\">\n<li class=\"li5\"><span class=\"s1\">Diritto all\u2019informazione \u2013 significa che devi sapere se i tuoi dati personali sono in corso di elaborazione; quali dati vengono raccolti, da dove viene ottenuto e perch\u00e9 e da chi viene elaborato.<\/span><\/li>\n<li class=\"li5\"><span class=\"s1\">Diritto di accesso \u2013 significa che hai il diritto di accedere ai dati raccolti da \/ su di te. Ci\u00f2 include il diritto di richiedere e ottenere una copia dei dati personali raccolti.<\/span><\/li>\n<li class=\"li5\"><span class=\"s1\">Diritto di rettifica: ci\u00f2 significa che hai il diritto di chiedere la rettifica o la cancellazione dei tuoi dati personali che sono inaccurati o incompleti.<\/span><\/li>\n<li class=\"li5\"><span class=\"s1\">Diritto alla cancellazione: in determinate circostanze \u00e8 possibile richiedere la cancellazione dei dati personali dai nostri archivi.<\/span><\/li>\n<li class=\"li5\"><span class=\"s1\">Diritto di limitare l\u2019elaborazione \u2013 nel senso che si applicano determinate condizioni, l\u2019utente ha il diritto di limitare l\u2019elaborazione dei propri dati personali.<\/span><\/li>\n<li class=\"li5\"><span class=\"s1\">Diritto di opporsi al trattamento: ci\u00f2 significa che in alcuni casi si ha il diritto di opporsi al trattamento dei dati personali dell\u2019utente, ad esempio nel caso del marketing diretto.<\/span><\/li>\n<li class=\"li5\"><span class=\"s1\">Diritto di opporsi all\u2019elaborazione automatizzata: ci\u00f2 significa che si ha il diritto di opporsi all\u2019elaborazione automatica, inclusa la profilazione; e non essere soggetto a una decisione basata esclusivamente sull\u2019elaborazione automatizzata. Questo diritto \u00e8 possibile esercitare ogni volta che esiste un risultato della profilazione che produce effetti legali che riguardano o che influiscono in modo significativo su di te.<\/span><\/li>\n<li class=\"li5\"><span class=\"s1\">Diritto alla portabilit\u00e0 dei dati: avete il diritto di ottenere i vostri dati personali in un formato leggibile dalla macchina o, se possibile, come trasferimento diretto da un processore a un altro.<\/span><\/li>\n<li class=\"li5\"><span class=\"s1\">Diritto di sporgere un reclamo \u2013 nel caso in cui rifiutiamo la tua richiesta ai sensi dei Diritti di accesso, ti forniremo una ragione per spiegare perch\u00e9. Se non sei soddisfatto del modo in cui \u00e8 stata gestita la tua richiesta, contattaci.<\/span><\/li>\n<li class=\"li5\"><span class=\"s1\">Diritto all\u2019aiuto da parte dell\u2019autorit\u00e0 di vigilanza \u2013 nel senso che hai il diritto per l\u2019aiuto di un\u2019autorit\u00e0 di vigilanza e il diritto ad altri rimedi legali come la richiesta di risarcimento danni.<\/span><\/li>\n<li class=\"li5\"><span class=\"s1\">Diritto di revoca del consenso \u2013 l\u2019utente ha il diritto di revocare qualsiasi consenso per l\u2019elaborazione dei propri dati personali.<\/span><\/li>\n<\/ol>\n<p class=\"p1\"><span class=\"s1\"><b>Dati che raccogliamo<\/b><\/span><\/p>\n<ul class=\"ul1\">\n<li class=\"li5\"><b><\/b><span class=\"s1\"><b>Le informazioni che ci hai fornito:<\/b><br \/>\nQuesto potrebbe essere il tuo indirizzo e-mail, il nome, l\u2019indirizzo di fatturazione, l\u2019indirizzo di casa ecc. \u2013 principalmente le informazioni necessarie per fornirti un prodotto\/servizio o per migliorare la tua esperienza come cliente. Salviamo le informazioni che ci fornisci per poter commentare o eseguire altre attivit\u00e0 sul sito web. Queste informazioni includono, ad esempio, il tuo nome e indirizzo e-mail.<\/span><\/li>\n<li class=\"li5\"><b><\/b><span class=\"s1\"><b>Informazioni raccolte automaticamente su di te:<\/b><br \/>\nCi\u00f2 include le informazioni che vengono automaticamente memorizzate dai cookie e da altri strumenti di sessione. Ad esempio, le informazioni sul carrello della spesa, l\u2019indirizzo IP, la cronologia degli acquisti (se presente) ecc. Queste informazioni vengono utilizzate per migliorare l\u2019esperienza del cliente. Quando si utilizzano i nostri servizi o si guardano i contenuti del nostro sito Web, le attivit\u00e0 potrebbero essere registrate.<\/span><\/li>\n<li class=\"li5\"><b><\/b><span class=\"s1\"><b>Informazioni dai nostri partner<\/b><br \/>\nRaccogliamo informazioni dai nostri partner di fiducia con la conferma che hanno basi legali per condividere tali informazioni con noi. Queste sono le informazioni che le hai fornite direttamente o che hanno raccolto su di te per altri motivi legali. Guarda l\u2019elenco dei nostri partner\u00a0<a href=\"https:\/\/www.oceanetwork.eu\/privacy-policy\/#gdpr-sharing\"><span class=\"s3\">qui<\/span><\/a>.<\/span><\/li>\n<li class=\"li5\"><b><\/b><span class=\"s1\"><b>Informazioni disponibili pubblicamente<\/b><br \/>\nPotremmo raccogliere informazioni su di te che sono disponibili pubblicamente, ad esempio numeri di telefono che compaiono sugli elenchi telefonici.<\/span><\/li>\n<\/ul>\n<p class=\"p1\"><span class=\"s1\"><b>Come utilizziamo i tuoi dati personali<\/b><\/span><\/p>\n<p class=\"p2\"><span class=\"s1\"><b>Utilizziamo i tuoi dati personali per:<\/b><\/span><\/p>\n<ul class=\"ul1\">\n<li class=\"li5\"><span class=\"s1\">fornire il nostro servizio a voi. Questo include ad esempio la registrazione del tuo account; fornendoti altri prodotti e servizi che hai richiesto; fornendovi articoli promozionali su vostra richiesta e comunicando con voi in relazione a tali prodotti e servizi; comunicare e interagire con te; e notifica di modifiche a qualsiasi servizio.<\/span><\/li>\n<li class=\"li5\"><span class=\"s1\">migliorare la tua esperienza come cliente;<\/span><\/li>\n<li class=\"li5\"><span class=\"s1\">adempiere ad un obbligo previsto dalla legge o da un contratto;<\/span><\/li>\n<\/ul>\n<p class=\"p2\"><span class=\"s1\">Usiamo i vostri dati personali esclusivamente per motivi legittimi e\/o\u00a0 con il vostro consenso.<\/span><\/p>\n<p class=\"p2\"><span class=\"s1\">Usiamo i vostri dati personali per motivi legittimi e \/ o con il vostro consenso.<\/span><\/p>\n<ul class=\"ul1\">\n<li class=\"li5\"><span class=\"s1\">per identificarvi \u2013 in caso vogliate commentare articoli del sito o comunicare con noi ;<\/span><\/li>\n<li class=\"li5\"><span class=\"s1\">per fornirvi un servizio o per inviarvi\/offrirvi un prodotto;<\/span><\/li>\n<li class=\"li5\"><span class=\"s1\">comunicazioni per vendite o fatturazione;<\/span><\/li>\n<\/ul>\n<p class=\"p2\"><span class=\"s1\">Per motivi di legittimo interesse, trattiamo i tuoi dati personali per i seguenti scopi:<\/span><\/p>\n<ul class=\"ul1\">\n<li class=\"li5\"><span class=\"s1\">per inviarti offerte personalizzate * (da noi e \/ o dai nostri partner attentamente selezionati);<\/span><\/li>\n<li class=\"li5\"><span class=\"s1\">amministrare e analizzare la nostra base di clienti (comportamento e cronologia degli acquisti) al fine di migliorare la qualit\u00e0, la variet\u00e0 e la disponibilit\u00e0 dei prodotti \/ servizi offerti \/ forniti;<\/span><\/li>\n<li class=\"li5\"><span class=\"s1\">condurre questionari riguardanti la soddisfazione del cliente;<\/span><\/li>\n<\/ul>\n<p class=\"p2\"><span class=\"s1\">Se non ci hai informato diversamente, ti consigliamo di offrirti prodotti \/ servizi simili o uguali alla tua cronologia degli acquisti \/ comportamento di navigazione per essere il nostro interesse legittimo.<\/span><\/p>\n<p class=\"p2\"><span class=\"s1\">Con il tuo consenso elaboriamo i tuoi dati personali per i seguenti scopi:<\/span><\/p>\n<ul class=\"ul1\">\n<li class=\"li5\"><span class=\"s1\">per inviarti newsletter e offerte promozionali (da noi e \/ o dai nostri partner selezionati con cura);<\/span><\/li>\n<li class=\"li5\"><span class=\"s1\">per altri scopi abbiamo chiesto il tuo consenso per;<\/span><\/li>\n<\/ul>\n<p class=\"p2\"><span class=\"s1\">Elaboriamo i tuoi dati personali al fine di adempiere agli obblighi derivanti dalla legge e \/ o utilizzare i tuoi dati personali per le opzioni previste dalla legge. Ci riserviamo il diritto di anonimizzare i dati personali raccolti e di utilizzare tali dati. Useremo i dati al di fuori dello scopo di questa politica solo quando \u00e8 anonimizzato. Conserviamo le tue informazioni di fatturazione e altre informazioni raccolte su di te per tutto il tempo necessario a fini contabili o altri obblighi derivanti dalla legge, ma non oltre la scadenza del contratto\/servizio<\/span><\/p>\n<p class=\"p2\"><span class=\"s1\">Potremmo trattare i tuoi dati personali per scopi aggiuntivi che non sono menzionati qui, ma sono compatibili con lo scopo originale per il quale i dati sono stati raccolti. Per fare questo, ci assicureremo che:<\/span><\/p>\n<ul class=\"ul1\">\n<li class=\"li5\"><span class=\"s1\">il collegamento tra finalit\u00e0, contesto e natura dei Dati personali sia idoneo per ulteriori elaborazioni;<\/span><\/li>\n<li class=\"li5\"><span class=\"s1\">l\u2019ulteriore elaborazione non danneggi i tuoi interessi e che ci sia una protezione adeguata durante l\u2019elaborazione.<\/span><\/li>\n<\/ul>\n<p class=\"p2\"><span class=\"s1\">Vi informeremo di qualsiasi ulteriore elaborazione e finalit\u00e0.<\/span><\/p>\n<p class=\"p1\"><span class=\"s1\"><b>Chi altro pu\u00f2 accedere ai tuoi dati personali<\/b><\/span><\/p>\n<p class=\"p2\"><span class=\"s1\">Non condividiamo i tuoi dati personali con estranei. I dati personali dell\u2019utente in alcuni casi vengono forniti ai nostri partner di fiducia al fine di rendere possibile la fornitura del servizio o migliorare l\u2019esperienza del cliente. Condividiamo i tuoi dati con:<\/span><\/p>\n<p class=\"p2\"><span class=\"s1\"><b>I nostri partner per elaborazione:<\/b><\/span><\/p>\n<ul class=\"ul1\">\n<li class=\"li3\"><a href=\"https:\/\/mailchimp.com\/features\/landing-pages\/\"><span class=\"s2\">Mailchimp Inc.<\/span><\/a><\/li>\n<\/ul>\n<p class=\"p2\"><span class=\"s1\">\u00a0<\/span><\/p>\n<p class=\"p2\"><span class=\"s1\"><b>I nostri Partners commerciali<\/b><\/span><\/p>\n<ul class=\"ul1\">\n<li class=\"li3\"><a href=\"https:\/\/timenet.it\/\"><span class=\"s2\">Timenet srl<\/span><\/a><\/li>\n<li class=\"li3\"><a href=\"https:\/\/www.grenke.it\/\"><b>Grenke Limited<\/b><\/a><\/li>\n<\/ul>\n<p class=\"p2\"><span class=\"s1\"><b>Altri operatori<\/b><\/span><\/p>\n<ul class=\"ul1\">\n<li class=\"li5\"><span class=\"s1\">non presenti<\/span><\/li>\n<\/ul>\n<p class=\"p2\"><span class=\"s1\">\u00a0<\/span><\/p>\n<p class=\"p2\"><span class=\"s1\">Lavoriamo solo con i partner di elaborazione che sono in grado di garantire un livello adeguato di protezione dei dati personali. Divulghiamo i vostri dati personali a terzi o funzionari pubblici quando siamo legalmente obbligati a farlo. Potremmo divulgare i vostri dati personali a terzi se avete acconsentito o se ci sono altri motivi legali per farlo.<\/span><\/p>\n<p class=\"p1\"><span class=\"s1\"><b>Come proteggiamo i tuoi dati<\/b><\/span><\/p>\n<p class=\"p2\"><span class=\"s1\">Facciamo del nostro meglio per mantenere i tuoi dati personali al sicuro. Utilizziamo protocolli sicuri per la comunicazione e il trasferimento di dati (come HTTPS).\u00a0 Usiamo l\u2019anonimato e lo pseudonimizzazione ovunque sia possibile. Monitoriamo i nostri sistemi per evitare possibili vulnerabilit\u00e0 e attacchi.<\/span><\/p>\n<p class=\"p2\"><span class=\"s1\">Anche facendo del il nostro meglio, non possiamo garantire al 100% la sicurezza delle informazioni. Tuttavia, ci impegniamo a notificare alle autorit\u00e0 competenti le eventuali violazioni sui dati. Ti informeremo inoltre se sussiste una minaccia per i tuoi diritti o interessi. Faremo tutto quanto ragionevolmente possibile per prevenire violazioni della sicurezza e assistere le autorit\u00e0 in caso di violazioni.<\/span><\/p>\n<p class=\"p2\"><span class=\"s1\">Se hai un account con noi, tieni presente che devi mantenere segreto il tuo nome utente e password.<\/span><\/p>\n<p class=\"p1\"><span class=\"s1\"><b>Bambini<\/b><\/span><\/p>\n<p class=\"p2\"><span class=\"s1\">Non intendiamo raccogliere o raccogliere consapevolmente informazioni dai bambini. Non indirizziamo i bambini ai nostri servizi.<\/span><\/p>\n<p class=\"p1\"><span class=\"s1\"><b>Cookie e altre tecnologie che usiamo<\/b><\/span><\/p>\n<p class=\"p2\"><span class=\"s1\">Utilizziamo cookie e \/ o tecnologie simili per analizzare il comportamento dei clienti, amministrare il sito web, tracciare i movimenti degli utenti e raccogliere informazioni sugli utenti. Questo \u00e8 fatto al fine di personalizzare e migliorare la tua esperienza con noi.<\/span><\/p>\n<p class=\"p2\"><span class=\"s1\">Un cookie \u00e8 un piccolo file di testo memorizzato sul tuo computer. I cookie memorizzano le informazioni che vengono utilizzate per aiutare a far funzionare i siti. Solo noi possiamo accedere ai cookie creati dal nostro sito web. Puoi controllare i tuoi cookie a livello di browser. La scelta di disabilitare i cookie potrebbe ostacolare l\u2019utilizzo di determinate funzioni.<\/span><\/p>\n<p class=\"p1\"><span class=\"s1\"><b>Utilizziamo i cookie per i seguenti scopi:<\/b><\/span><\/p>\n<ul class=\"ul1\">\n<li class=\"li5\"><span class=\"s1\">Cookie necessari: questi cookie sono necessari per poter utilizzare alcune funzionalit\u00e0 importanti sul nostro sito Web, come ad esempio l\u2019accesso. Questi cookie non raccolgono alcuna informazione personale.<\/span><\/li>\n<li class=\"li5\"><span class=\"s1\">Cookie di funzionalit\u00e0: questi cookie forniscono funzionalit\u00e0 che rendono pi\u00f9 comodo l\u2019utilizzo del servizio e rendono possibili funzionalit\u00e0 pi\u00f9 personalizzate. Ad esempio, potrebbero ricordare il tuo nome e la tua e-mail nei moduli di commento in modo da non dover reinserire queste informazioni la volta successiva quando commentano.<\/span><\/li>\n<li class=\"li5\"><span class=\"s1\">Cookie analitici: questi cookie sono utilizzati per tracciare l\u2019utilizzo e le prestazioni del nostro sito Web e dei nostri servizi<\/span><\/li>\n<li class=\"li5\"><span class=\"s1\">Cookie pubblicitari: questi cookie vengono utilizzati per pubblicare annunci pertinenti per te e per i tuoi interessi. Inoltre, vengono utilizzati per limitare il numero di volte in cui si vede un annuncio. Di solito sono collocati sul sito Web da reti pubblicitarie con il permesso dell\u2019operatore del sito web. Questi cookie ricordano che hai visitato un sito web e queste informazioni sono condivise con altre organizzazioni come gli inserzionisti. Spesso i cookie di targeting o pubblicitari saranno collegati alle funzionalit\u00e0 del sito fornite dall\u2019altra organizzazione.<\/span><\/li>\n<\/ul>\n<p class=\"p2\"><span class=\"s1\">\u00c8 possibile rimuovere i cookie memorizzati nel computer tramite le impostazioni del browser. In alternativa, puoi controllare alcuni cookie di terze parti utilizzando una piattaforma di miglioramento della privacy come <a href=\"http:\/\/optout.aboutads.info\/\"><span class=\"s3\">optout.aboutads.info<\/span><\/a> o <a href=\"http:\/\/youronlinechoices.com\/\"><span class=\"s3\">youronlinechoices.com<\/span><\/a>. Per ulteriori informazioni sui cookie, visita <a href=\"http:\/\/allaboutcookies.org\/\"><span class=\"s3\">allaboutcookies.org<\/span><\/a>.<\/span><\/p>\n<p class=\"p2\"><span class=\"s1\">Utilizziamo Google Analytics per misurare il traffico sul nostro sito web. Google ha la sua politica sulla privacy che puoi consultare qui. Se desideri disattivare il tracciamento di Google Analytics, visita la pagina di disattivazione di <a href=\"https:\/\/tools.google.com\/dlpage\/gaoptout\"><span class=\"s3\">Google Analytics<\/span><\/a>.<\/span><\/p>\n<p class=\"p2\"><strong>Lista dei Cookies utilizzati<\/strong><\/p>\n<pre>[cookie_audit]<\/pre>\n<h3 id=\"gdpr-contact\">Contatti<\/h3>\n<p><strong id=\"gdpr-dpo\">Resposnsabile per la protezione dei dati<\/strong><br \/>\nIn caso di domande relative all&#8217;elaborazione dei dati personali, ai diritti relativi ai dati personali o alla presente informativa sulla privacy, contattare il nostro responsabile della protezione dei dati<\/p>\n<p>Sigfrido Maina &#8211;\u00a0\u00a0<a href=\"mailto:sigfrido@netatwork.it\">sigfrido@netatwork.it<\/a><\/p>\n<p><strong id=\"gdpr-dpa\">Supervisory Authority<\/strong><br \/>\nEmail:\u00a0<a href=\"mailto:garante@garanteprivacy.it\">garante@garanteprivacy.it<\/a><br \/>\nPhone: +39 06 69677 1<\/p>\n<p class=\"p1\"><span class=\"s1\"><b>Modifiche alla presente informativa sulla privacy<\/b><\/span><\/p>\n<p class=\"p2\"><span class=\"s1\">Ci riserviamo il diritto di apportare modifiche alla presente Informativa sulla privacy.<br \/>\nL\u2019ultima modifica \u00e8 stata apportata il 25\/05\/2018<\/span><\/p>\n","protected":false},"excerpt":{"rendered":"<p>Net at Work si impegna a salvaguardare la tua privacy. Contattateci se avete domande o problemi riguardanti l\u2019uso dei vostri dati personali e saremo lieti di aiutarvi. Utilizzando questo sito e\/o i nostri servizi, acconsenti all\u2019elaborazione dei tuoi dati personali come descritto nella presente Informativa sulla privacy.\u00a0 &nbsp; Sommario Definizioni utilizzate in questa policy I Principi sulla protezione dei dati &#8230; <\/p>\n<div><a href=\"https:\/\/www.oceanetwork.eu\/it\/privacy-policy\/\" class=\"more-link\">Continua a leggere&#8230;<\/a><\/div>\n","protected":false},"author":1,"featured_media":0,"parent":0,"menu_order":0,"comment_status":"closed","ping_status":"closed","template":"","meta":[],"yoast_head":"<!-- This site is optimized with the Yoast SEO plugin v15.2.1 - https:\/\/yoast.com\/wordpress\/plugins\/seo\/ -->\n<title>Privacy Policy - OceaNetwork<\/title>\n<meta name=\"robots\" content=\"index, follow, max-snippet:-1, max-image-preview:large, max-video-preview:-1\" \/>\n<link rel=\"canonical\" href=\"https:\/\/www.oceanetwork.eu\/it\/privacy-policy\/\" \/>\n<meta property=\"og:locale\" content=\"it_IT\" \/>\n<meta property=\"og:type\" content=\"article\" \/>\n<meta property=\"og:title\" content=\"Privacy Policy - OceaNetwork\" \/>\n<meta property=\"og:description\" content=\"Net at Work si impegna a salvaguardare la tua privacy. Contattateci se avete domande o problemi riguardanti l\u2019uso dei vostri dati personali e saremo lieti di aiutarvi. Utilizzando questo sito e\/o i nostri servizi, acconsenti all\u2019elaborazione dei tuoi dati personali come descritto nella presente Informativa sulla privacy.\u00a0 &nbsp; Sommario Definizioni utilizzate in questa policy I Principi sulla protezione dei dati ... Continua a leggere...\" \/>\n<meta property=\"og:url\" content=\"https:\/\/www.oceanetwork.eu\/it\/privacy-policy\/\" \/>\n<meta property=\"og:site_name\" content=\"OceaNetwork\" \/>\n<meta property=\"article:publisher\" content=\"https:\/\/www.facebook.com\/pages\/Net-at-Work\/215374575314073\" \/>\n<meta property=\"article:modified_time\" content=\"2018-05-27T07:23:33+00:00\" \/>\n<meta property=\"og:image\" content=\"https:\/\/www.oceanetwork.eu\/wp-content\/uploads\/2018\/05\/gdpr-300x176.jpg\" \/>\n<meta name=\"twitter:card\" content=\"summary\" \/>\n<meta name=\"twitter:creator\" content=\"@NetAtWorkEu\" \/>\n<meta name=\"twitter:site\" content=\"@NetAtWorkEu\" \/>\n<meta name=\"twitter:label1\" content=\"Scritto da\">\n\t<meta name=\"twitter:data1\" content=\"Sigfrido Maina\">\n\t<meta name=\"twitter:label2\" content=\"Tempo di lettura stimato\">\n\t<meta name=\"twitter:data2\" content=\"8 minuti\">\n<script type=\"application\/ld+json\" class=\"yoast-schema-graph\">{\"@context\":\"https:\/\/schema.org\",\"@graph\":[{\"@type\":\"WebSite\",\"@id\":\"https:\/\/www.oceanetwork.eu\/it\/#website\",\"url\":\"https:\/\/www.oceanetwork.eu\/it\/\",\"name\":\"OceaNetwork\",\"description\":\"Waves of Innovation\",\"potentialAction\":[{\"@type\":\"SearchAction\",\"target\":\"https:\/\/www.oceanetwork.eu\/it\/?s={search_term_string}\",\"query-input\":\"required name=search_term_string\"}],\"inLanguage\":\"it-IT\"},{\"@type\":\"ImageObject\",\"@id\":\"https:\/\/www.oceanetwork.eu\/it\/privacy-policy\/#primaryimage\",\"inLanguage\":\"it-IT\",\"url\":\"https:\/\/www.oceanetwork.eu\/wp-content\/uploads\/2018\/05\/gdpr.jpg\",\"width\":904,\"height\":530,\"caption\":\"57345656 - european union digitalization and use of digital technologies concept with the eu flag on a computer keyboard 3d illustration.\"},{\"@type\":\"WebPage\",\"@id\":\"https:\/\/www.oceanetwork.eu\/it\/privacy-policy\/#webpage\",\"url\":\"https:\/\/www.oceanetwork.eu\/it\/privacy-policy\/\",\"name\":\"Privacy Policy - OceaNetwork\",\"isPartOf\":{\"@id\":\"https:\/\/www.oceanetwork.eu\/it\/#website\"},\"primaryImageOfPage\":{\"@id\":\"https:\/\/www.oceanetwork.eu\/it\/privacy-policy\/#primaryimage\"},\"datePublished\":\"2018-05-26T10:57:10+00:00\",\"dateModified\":\"2018-05-27T07:23:33+00:00\",\"inLanguage\":\"it-IT\",\"potentialAction\":[{\"@type\":\"ReadAction\",\"target\":[\"https:\/\/www.oceanetwork.eu\/it\/privacy-policy\/\"]}]}]}<\/script>\n<!-- \/ Yoast SEO plugin. -->","_links":{"self":[{"href":"https:\/\/www.oceanetwork.eu\/it\/wp-json\/wp\/v2\/pages\/12097"}],"collection":[{"href":"https:\/\/www.oceanetwork.eu\/it\/wp-json\/wp\/v2\/pages"}],"about":[{"href":"https:\/\/www.oceanetwork.eu\/it\/wp-json\/wp\/v2\/types\/page"}],"author":[{"embeddable":true,"href":"https:\/\/www.oceanetwork.eu\/it\/wp-json\/wp\/v2\/users\/1"}],"replies":[{"embeddable":true,"href":"https:\/\/www.oceanetwork.eu\/it\/wp-json\/wp\/v2\/comments?post=12097"}],"version-history":[{"count":23,"href":"https:\/\/www.oceanetwork.eu\/it\/wp-json\/wp\/v2\/pages\/12097\/revisions"}],"predecessor-version":[{"id":12154,"href":"https:\/\/www.oceanetwork.eu\/it\/wp-json\/wp\/v2\/pages\/12097\/revisions\/12154"}],"wp:attachment":[{"href":"https:\/\/www.oceanetwork.eu\/it\/wp-json\/wp\/v2\/media?parent=12097"}],"curies":[{"name":"wp","href":"https:\/\/api.w.org\/{rel}","templated":true}]}}